{"id":390,"date":"2014-03-22T20:04:08","date_gmt":"2014-03-22T20:04:08","guid":{"rendered":"http:\/\/trauerlichtung.wordpress.com\/?page_id=16"},"modified":"2014-03-22T20:04:08","modified_gmt":"2014-03-22T20:04:08","slug":"startseite","status":"publish","type":"page","link":"https:\/\/trauerlichtung.de\/","title":{"rendered":"Start"},"content":{"rendered":"<p><\/p>\n<p>Willkommen<\/p>\n<p>Wir sind ein Bestattungsunternehmen in Frauenh\u00e4nden und bieten Ihnen unsere Dienstleistung auf allen Friedh\u00f6fen und Beh\u00f6rden in Hamburg und ganz Deutschland.<\/p>\n<p>Wir begleiten Sie und Ihre lieben Verstorbenen in dieser Zeit des Abschieds, wann und wo Sie unsere Begleitung w\u00fcnschen.<\/p>\n<p>Wir werden bei Ihnen sein und Ihnen zur Seite stehen, wenn Sie Ihren Schmerz durchleben.<\/p>","protected":false},"excerpt":{"rendered":"<p>Willkommen Wir sind ein Bestattungsunternehmen in Frauenh\u00e4nden und bieten Ihnen unsere Dienstleistung auf allen Friedh\u00f6fen und Beh\u00f6rden in Hamburg und ganz Deutschland. Wir begleiten Sie und Ihre lieben Verstorbenen in dieser Zeit des Abschieds, wann und wo Sie unsere Begleitung&hellip;<\/p>\n<p class=\"more-link-p\"><a class=\"more-link\" href=\"https:\/\/trauerlichtung.de\/\">Read more &rarr;<\/a><\/p>\n","protected":false},"author":1,"featured_media":384,"parent":0,"menu_order":0,"comment_status":"closed","ping_status":"closed","template":"","meta":{"footnotes":""},"_links":{"self":[{"href":"https:\/\/trauerlichtung.de\/index.php?rest_route=\/wp\/v2\/pages\/390"}],"collection":[{"href":"https:\/\/trauerlichtung.de\/index.php?rest_route=\/wp\/v2\/pages"}],"about":[{"href":"https:\/\/trauerlichtung.de\/index.php?rest_route=\/wp\/v2\/types\/page"}],"author":[{"embeddable":true,"href":"https:\/\/trauerlichtung.de\/index.php?rest_route=\/wp\/v2\/users\/1"}],"replies":[{"embeddable":true,"href":"https:\/\/trauerlichtung.de\/index.php?rest_route=%2Fwp%2Fv2%2Fcomments&post=390"}],"version-history":[{"count":0,"href":"https:\/\/trauerlichtung.de\/index.php?rest_route=\/wp\/v2\/pages\/390\/revisions"}],"wp:featuredmedia":[{"embeddable":true,"href":"https:\/\/trauerlichtung.de\/index.php?rest_route=\/wp\/v2\/media\/384"}],"wp:attachment":[{"href":"https:\/\/trauerlichtung.de\/index.php?rest_route=%2Fwp%2Fv2%2Fmedia&parent=390"}],"curies":[{"name":"wp","href":"https:\/\/api.w.org\/{rel}","templated":true}]}}