{"id":389,"date":"2014-03-22T19:44:20","date_gmt":"2014-03-22T19:44:20","guid":{"rendered":"http:\/\/trauerlichtung.wordpress.com\/?page_id=14"},"modified":"2014-03-22T19:44:20","modified_gmt":"2014-03-22T19:44:20","slug":"impressum","status":"publish","type":"page","link":"https:\/\/trauerlichtung.de\/?page_id=389","title":{"rendered":"impressum"},"content":{"rendered":"<p><strong>Herausgeber:<br \/>\n<\/strong>TrauerLichtung &#8211; Bestattungen in Frauenh\u00e4nden<br \/>\nClaudia Bartholdi e. K.<\/p>\n<p>Amtsgericht Hamburg<br \/>\nHRA 102556<\/p>\n<p>Tel.: 040 724 724 9<a href=\"mailto:hilfe@trauerlichtung.de\"><br \/>\nhilfe@trauerlichtung.de<\/a><\/p>\n<p><strong>Gesch\u00e4ftsf\u00fchrerin: <\/strong><br \/>\nClaudia Bartholdi e.K.<br \/>\nAlte Holstenstra\u00dfe 84 &#8211; 21029 Hamburg<\/p>\n<p>Steuer-Nr.: 03\/410\/02362 &#8211; Finanzamt Hamburg-Bergedorf &#8211; Ust. 03-410-03334<\/p>\n<p><strong>Haftungshinweis:<\/strong> Trotz sorgf\u00e4ltiger inhaltlicher Kontrolle \u00fcbernehmen wir keine Haftung f\u00fcr die Inhalte externer Links. F\u00fcr den Inhalt der verlinkten Seiten sind ausschlie\u00dflich deren Betreiber verantwortlich.<\/p>\n","protected":false},"excerpt":{"rendered":"<p>Herausgeber: TrauerLichtung &#8211; Bestattungen in Frauenh\u00e4nden Claudia Bartholdi e. K. Amtsgericht Hamburg HRA 102556 Tel.: 040 724 724 9 hilfe@trauerlichtung.de Gesch\u00e4ftsf\u00fchrerin: Claudia Bartholdi e.K. Alte Holstenstra\u00dfe 84 &#8211; 21029 Hamburg Steuer-Nr.: 03\/410\/02362 &#8211; Finanzamt Hamburg-Bergedorf &#8211; Ust. 03-410-03334 Haftungshinweis: Trotz&hellip;<\/p>\n<p class=\"more-link-p\"><a class=\"more-link\" href=\"https:\/\/trauerlichtung.de\/?page_id=389\">Read more &rarr;<\/a><\/p>\n","protected":false},"author":1,"featured_media":0,"parent":0,"menu_order":0,"comment_status":"closed","ping_status":"closed","template":"","meta":{"footnotes":""},"_links":{"self":[{"href":"https:\/\/trauerlichtung.de\/index.php?rest_route=\/wp\/v2\/pages\/389"}],"collection":[{"href":"https:\/\/trauerlichtung.de\/index.php?rest_route=\/wp\/v2\/pages"}],"about":[{"href":"https:\/\/trauerlichtung.de\/index.php?rest_route=\/wp\/v2\/types\/page"}],"author":[{"embeddable":true,"href":"https:\/\/trauerlichtung.de\/index.php?rest_route=\/wp\/v2\/users\/1"}],"replies":[{"embeddable":true,"href":"https:\/\/trauerlichtung.de\/index.php?rest_route=%2Fwp%2Fv2%2Fcomments&post=389"}],"version-history":[{"count":0,"href":"https:\/\/trauerlichtung.de\/index.php?rest_route=\/wp\/v2\/pages\/389\/revisions"}],"wp:attachment":[{"href":"https:\/\/trauerlichtung.de\/index.php?rest_route=%2Fwp%2Fv2%2Fmedia&parent=389"}],"curies":[{"name":"wp","href":"https:\/\/api.w.org\/{rel}","templated":true}]}}