{"id":388,"date":"2014-03-22T19:44:08","date_gmt":"2014-03-22T19:44:08","guid":{"rendered":"http:\/\/trauerlichtung.wordpress.com\/?page_id=12"},"modified":"2014-03-22T19:44:08","modified_gmt":"2014-03-22T19:44:08","slug":"kontakt","status":"publish","type":"page","link":"https:\/\/trauerlichtung.de\/?page_id=388","title":{"rendered":"kontakt"},"content":{"rendered":"<p><strong> <span style=\"color: #c80029;\">TrauerLichtung &#8211; Bestattungen in Frauenh\u00e4nden<\/span><\/strong><br \/>\nClaudia Bartholdi e.K.<br \/>\nAlte Holstenstra\u00dfe 84, 21029 Hamburg<br \/>\nTel. 040 724 724 9<\/p>\n<p>Hauptstra\u00dfe 38i, 22885 Barsb\u00fcttel<br \/>\nTel. 040 67 999 884<\/p>\n<p><a title=\"Schreiben Sie uns eine E-Mail!\" href=\"mailto:hilfe@trauerlichtung.de\"><span style=\"color: #c80029;\">hilfe@trauerlichtung.de<\/span><\/a><br \/>\n<strong><br \/>\nTag und Nacht f\u00fcr Sie da!<\/strong><\/p>\n<p>Wenn andere beim Thema Tod verstummen, sprechen Sie uns an, und vereinbaren Sie einen Gespr\u00e4chstermin in unserem B\u00fcro oder bei Ihnen zuhause.<\/p>\n<p><a title=\"Schreiben Sie uns eine E-Mail!\" href=\"mailto:hilfe@trauerlichtung.de\"><br \/>\n<\/a><\/p>\n","protected":false},"excerpt":{"rendered":"<p>TrauerLichtung &#8211; Bestattungen in Frauenh\u00e4nden Claudia Bartholdi e.K. Alte Holstenstra\u00dfe 84, 21029 Hamburg Tel. 040 724 724 9 Hauptstra\u00dfe 38i, 22885 Barsb\u00fcttel Tel. 040 67 999 884 hilfe@trauerlichtung.de Tag und Nacht f\u00fcr Sie da! Wenn andere beim Thema Tod verstummen,&hellip;<\/p>\n<p class=\"more-link-p\"><a class=\"more-link\" href=\"https:\/\/trauerlichtung.de\/?page_id=388\">Read more &rarr;<\/a><\/p>\n","protected":false},"author":1,"featured_media":0,"parent":0,"menu_order":0,"comment_status":"closed","ping_status":"closed","template":"","meta":{"footnotes":""},"_links":{"self":[{"href":"https:\/\/trauerlichtung.de\/index.php?rest_route=\/wp\/v2\/pages\/388"}],"collection":[{"href":"https:\/\/trauerlichtung.de\/index.php?rest_route=\/wp\/v2\/pages"}],"about":[{"href":"https:\/\/trauerlichtung.de\/index.php?rest_route=\/wp\/v2\/types\/page"}],"author":[{"embeddable":true,"href":"https:\/\/trauerlichtung.de\/index.php?rest_route=\/wp\/v2\/users\/1"}],"replies":[{"embeddable":true,"href":"https:\/\/trauerlichtung.de\/index.php?rest_route=%2Fwp%2Fv2%2Fcomments&post=388"}],"version-history":[{"count":0,"href":"https:\/\/trauerlichtung.de\/index.php?rest_route=\/wp\/v2\/pages\/388\/revisions"}],"wp:attachment":[{"href":"https:\/\/trauerlichtung.de\/index.php?rest_route=%2Fwp%2Fv2%2Fmedia&parent=388"}],"curies":[{"name":"wp","href":"https:\/\/api.w.org\/{rel}","templated":true}]}}