{"id":387,"date":"2014-03-22T19:43:55","date_gmt":"2014-03-22T18:43:55","guid":{"rendered":"http:\/\/trauerlichtung.wordpress.com\/?page_id=10"},"modified":"2014-03-22T19:43:55","modified_gmt":"2014-03-22T18:43:55","slug":"bestattungen","status":"publish","type":"page","link":"https:\/\/trauerlichtung.de\/?page_id=387","title":{"rendered":"bestattungen"},"content":{"rendered":"<p>Bei der Wahl der Bestattungsart spielen pers\u00f6nliche \u00dcberzeugung, Religion sowie Lebenseinstellung neben finanziellen Erw\u00e4gungen die entscheidende Rolle. Grunds\u00e4tzlich wird zwischen Erd-, Feuer- und Seebestattungen unterschieden. Dar\u00fcber hinaus gibt es besondere Bestattungsformen wie z.B. eine Luftbestattung.<\/p>\n<p><strong>Folgende Bestattungsarten bieten wir Ihnen an:<\/strong><\/p>\n<p>&#8211; Feuerbestattungen<br \/>\n&#8211; Erdbestattungen<br \/>\n&#8211; Seebestattungen<br \/>\n&#8211; Luftbestattungen<br \/>\n&#8211; Friedwald und andere Ruhew\u00e4lder<\/p>\n","protected":false},"excerpt":{"rendered":"<p>Bei der Wahl der Bestattungsart spielen pers\u00f6nliche \u00dcberzeugung, Religion sowie Lebenseinstellung neben finanziellen Erw\u00e4gungen die entscheidende Rolle. Grunds\u00e4tzlich wird zwischen Erd-, Feuer- und Seebestattungen unterschieden. Dar\u00fcber hinaus gibt es besondere Bestattungsformen wie z.B. eine Luftbestattung. Folgende Bestattungsarten bieten wir Ihnen&hellip;<\/p>\n<p class=\"more-link-p\"><a class=\"more-link\" href=\"https:\/\/trauerlichtung.de\/?page_id=387\">Read more &rarr;<\/a><\/p>\n","protected":false},"author":1,"featured_media":0,"parent":390,"menu_order":0,"comment_status":"closed","ping_status":"closed","template":"","meta":{"footnotes":""},"_links":{"self":[{"href":"https:\/\/trauerlichtung.de\/index.php?rest_route=\/wp\/v2\/pages\/387"}],"collection":[{"href":"https:\/\/trauerlichtung.de\/index.php?rest_route=\/wp\/v2\/pages"}],"about":[{"href":"https:\/\/trauerlichtung.de\/index.php?rest_route=\/wp\/v2\/types\/page"}],"author":[{"embeddable":true,"href":"https:\/\/trauerlichtung.de\/index.php?rest_route=\/wp\/v2\/users\/1"}],"replies":[{"embeddable":true,"href":"https:\/\/trauerlichtung.de\/index.php?rest_route=%2Fwp%2Fv2%2Fcomments&post=387"}],"version-history":[{"count":0,"href":"https:\/\/trauerlichtung.de\/index.php?rest_route=\/wp\/v2\/pages\/387\/revisions"}],"up":[{"embeddable":true,"href":"https:\/\/trauerlichtung.de\/index.php?rest_route=\/wp\/v2\/pages\/390"}],"wp:attachment":[{"href":"https:\/\/trauerlichtung.de\/index.php?rest_route=%2Fwp%2Fv2%2Fmedia&parent=387"}],"curies":[{"name":"wp","href":"https:\/\/api.w.org\/{rel}","templated":true}]}}